{"id":359,"date":"2011-03-16T13:40:11","date_gmt":"2011-03-16T13:40:11","guid":{"rendered":"http:\/\/franns.de\/?page_id=359"},"modified":"2025-09-01T22:41:06","modified_gmt":"2025-09-01T22:41:06","slug":"impressum","status":"publish","type":"page","link":"http:\/\/franns.de\/?page_id=359","title":{"rendered":"Impressum \/ Kontakt \/ Mediadaten"},"content":{"rendered":"<p><span style=\"color: #000000;\"><strong>FRANNS &#8211; das Mainburger Stadtmagazin<\/strong><\/span><br \/>\nThe Sour Cherry Werbeagentur<br \/>\nS\u00f6cklerstr. 8<br \/>\n84048 Mainburg<\/p>\n<p>Tel. 08751 7088410<\/p>\n<p><strong>Kontakt per E-Mail<\/strong><br \/>\ninfo@franns.de<\/p>\n<p><span style=\"color: #000000;\"><strong>Gesch\u00e4ftsf\u00fchrer<\/strong><\/span><br \/>\nJ\u00f6rg Rudloff<\/p>\n<p><span style=\"color: #000000;\"><strong>FRANNS-Mediadaten als PDF<\/strong><\/span><br \/>\nAnzeigenpreise, Kooperationen, Auflage, Konzept:<br \/>\n<a href=\"http:\/\/franns.de\/frannspictures\/Franns-Mediadaten.pdf\" target=\"_blank\" rel=\"noopener\">Jetzt herunterladen<\/a><\/p>\n<p><span style=\"color: #000000;\"><strong>Erscheinungsweise<\/strong><\/span><br \/>\n&#8211; monatlich<br \/>\n&#8211; 11 Ausgaben (Dezember\/Januar = Doppelausgabe)<\/p>\n<p><span style=\"color: #000000;\"><strong>Erscheinungstermin<\/strong><\/span><br \/>\nam 15ten des Monats<\/p>\n<p><span style=\"color: #000000;\"><strong>Redaktionsschluss<\/strong><\/span><br \/>\nam 8ten des Monats<\/p>\n","protected":false},"excerpt":{"rendered":"<p class=\"qua-blog-post-description\">FRANNS &#8211; das Mainburger Stadtmagazin The Sour Cherry Werbeagentur S\u00f6cklerstr. 8 84048 Mainburg Tel. 08751 7088410 Kontakt per E-Mail info@franns.de Gesch\u00e4ftsf\u00fchrer J\u00f6rg Rudloff FRANNS-Mediadaten als PDF Anzeigenpreise, Kooperationen, Auflage, Konzept: Jetzt herunterladen Erscheinungsweise &#8211; monatlich &#8211; 11 Ausgaben (Dezember\/Januar = Doppelausgabe) Erscheinungstermin am 15ten des Monats Redaktionsschluss am 8ten des Monats<\/p>\n","protected":false},"author":1,"featured_media":0,"parent":0,"menu_order":0,"comment_status":"closed","ping_status":"open","template":"","meta":{"footnotes":""},"_links":{"self":[{"href":"http:\/\/franns.de\/index.php?rest_route=\/wp\/v2\/pages\/359"}],"collection":[{"href":"http:\/\/franns.de\/index.php?rest_route=\/wp\/v2\/pages"}],"about":[{"href":"http:\/\/franns.de\/index.php?rest_route=\/wp\/v2\/types\/page"}],"author":[{"embeddable":true,"href":"http:\/\/franns.de\/index.php?rest_route=\/wp\/v2\/users\/1"}],"replies":[{"embeddable":true,"href":"http:\/\/franns.de\/index.php?rest_route=%2Fwp%2Fv2%2Fcomments&post=359"}],"version-history":[{"count":12,"href":"http:\/\/franns.de\/index.php?rest_route=\/wp\/v2\/pages\/359\/revisions"}],"predecessor-version":[{"id":21020,"href":"http:\/\/franns.de\/index.php?rest_route=\/wp\/v2\/pages\/359\/revisions\/21020"}],"wp:attachment":[{"href":"http:\/\/franns.de\/index.php?rest_route=%2Fwp%2Fv2%2Fmedia&parent=359"}],"curies":[{"name":"wp","href":"https:\/\/api.w.org\/{rel}","templated":true}]}}